{"id":8,"date":"2021-05-17T05:14:07","date_gmt":"2021-05-17T05:14:07","guid":{"rendered":""},"modified":"2026-03-14T10:19:28","modified_gmt":"2026-03-14T15:19:28","slug":"about","status":"publish","type":"page","link":"https:\/\/hyrserviciosdetransporte.com\/index.php\/about\/","title":{"rendered":"About"},"content":{"rendered":"\t\t<div data-elementor-type=\"wp-page\" data-elementor-id=\"8\" class=\"elementor elementor-8\">\n\t\t\t\t\t\t<section class=\"elementor-section elementor-top-section elementor-element elementor-element-ea2d3ea elementor-section-boxed elementor-section-height-default elementor-section-height-default\" data-id=\"ea2d3ea\" data-element_type=\"section\" data-e-type=\"section\" data-settings=\"{&quot;background_background&quot;:&quot;classic&quot;}\">\n\t\t\t\t\t\t<div class=\"elementor-container elementor-column-gap-no\">\n\t\t\t\t\t<div class=\"elementor-column elementor-col-50 elementor-top-column elementor-element elementor-element-9d72e90\" data-id=\"9d72e90\" data-element_type=\"column\" data-e-type=\"column\">\n\t\t\t<div class=\"elementor-widget-wrap elementor-element-populated\">\n\t\t\t\t\t\t<div class=\"elementor-element elementor-element-28a31d1 elementor-widget elementor-widget-heading\" data-id=\"28a31d1\" data-element_type=\"widget\" data-e-type=\"widget\" data-widget_type=\"heading.default\">\n\t\t\t\t\t<div class=\"elementor-heading-title elementor-size-default\">Nuestra Empresa<\/div>\t\t\t\t<\/div>\n\t\t\t\t<div class=\"elementor-element elementor-element-4adb952 elementor-widget__width-initial elementor-widget elementor-widget-heading\" data-id=\"4adb952\" data-element_type=\"widget\" data-e-type=\"widget\" data-widget_type=\"heading.default\">\n\t\t\t\t\t<h1 class=\"elementor-heading-title elementor-size-default\">Llevamos Tus Env\u00edos Donde los Nesecites<\/h1>\t\t\t\t<\/div>\n\t\t\t\t<div class=\"elementor-element elementor-element-f2e6265 elementor-widget elementor-widget-text-editor\" data-id=\"f2e6265\" data-element_type=\"widget\" data-e-type=\"widget\" data-widget_type=\"text-editor.default\">\n\t\t\t\t\t\t\t\t\t<p>Cont\u00e1mos con m\u00e1s de 10 a\u00f1os de experiencia en el transporte de carga, Acarreos, transporqte de equipos y m\u00e1quinar\u00eda, Mobiliario, etc&#8230;<\/p><p>Cont\u00e1mos con personal amable y capacitado para que tus env\u00edos lleguen en las mejores condiciones .\u00a0<\/p><p>\u00a0<\/p>\t\t\t\t\t\t\t\t<\/div>\n\t\t\t\t\t<\/div>\n\t\t<\/div>\n\t\t\t\t<div class=\"elementor-column elementor-col-50 elementor-top-column elementor-element elementor-element-1c1ff6d\" data-id=\"1c1ff6d\" data-element_type=\"column\" data-e-type=\"column\">\n\t\t\t<div class=\"elementor-widget-wrap elementor-element-populated\">\n\t\t\t\t\t\t<div class=\"elementor-element elementor-element-c775dcc elementor-widget__width-initial elementor-widget elementor-widget-image\" data-id=\"c775dcc\" data-element_type=\"widget\" data-e-type=\"widget\" data-widget_type=\"image.default\">\n\t\t\t\t\t\t\t\t\t\t\t\t\t\t\t<img fetchpriority=\"high\" decoding=\"async\" width=\"1080\" height=\"788\" src=\"https:\/\/hyrserviciosdetransporte.com\/wp-content\/uploads\/2026\/03\/carga.png\" class=\"attachment-full size-full wp-image-919\" alt=\"\" srcset=\"https:\/\/hyrserviciosdetransporte.com\/wp-content\/uploads\/2026\/03\/carga.png 1080w, https:\/\/hyrserviciosdetransporte.com\/wp-content\/uploads\/2026\/03\/carga-300x219.png 300w, https:\/\/hyrserviciosdetransporte.com\/wp-content\/uploads\/2026\/03\/carga-1024x747.png 1024w, https:\/\/hyrserviciosdetransporte.com\/wp-content\/uploads\/2026\/03\/carga-768x560.png 768w\" sizes=\"(max-width: 1080px) 100vw, 1080px\" \/>\t\t\t\t\t\t\t\t\t\t\t\t\t\t\t<\/div>\n\t\t\t\t\t<\/div>\n\t\t<\/div>\n\t\t\t\t\t<\/div>\n\t\t<\/section>\n\t\t\t\t<\/div>\n\t\t","protected":false},"excerpt":{"rendered":"<p>Nuestra Empresa Llevamos Tus Env\u00edos Donde los Nesecites Cont\u00e1mos con m\u00e1s de 10 a\u00f1os de experiencia en el transporte de carga, Acarreos, transporqte de equipos y m\u00e1quinar\u00eda, Mobiliario, etc&#8230; Cont\u00e1mos con personal amable y capacitado para que tus env\u00edos lleguen en las mejores condiciones .\u00a0 \u00a0<\/p>\n","protected":false},"author":1,"featured_media":0,"parent":0,"menu_order":0,"comment_status":"closed","ping_status":"closed","template":"page-templates\/page-builder.php","meta":{"footnotes":""},"class_list":["post-8","page","type-page","status-publish","hentry"],"_links":{"self":[{"href":"https:\/\/hyrserviciosdetransporte.com\/index.php\/wp-json\/wp\/v2\/pages\/8","targetHints":{"allow":["GET"]}}],"collection":[{"href":"https:\/\/hyrserviciosdetransporte.com\/index.php\/wp-json\/wp\/v2\/pages"}],"about":[{"href":"https:\/\/hyrserviciosdetransporte.com\/index.php\/wp-json\/wp\/v2\/types\/page"}],"author":[{"embeddable":true,"href":"https:\/\/hyrserviciosdetransporte.com\/index.php\/wp-json\/wp\/v2\/users\/1"}],"replies":[{"embeddable":true,"href":"https:\/\/hyrserviciosdetransporte.com\/index.php\/wp-json\/wp\/v2\/comments?post=8"}],"version-history":[{"count":22,"href":"https:\/\/hyrserviciosdetransporte.com\/index.php\/wp-json\/wp\/v2\/pages\/8\/revisions"}],"predecessor-version":[{"id":1041,"href":"https:\/\/hyrserviciosdetransporte.com\/index.php\/wp-json\/wp\/v2\/pages\/8\/revisions\/1041"}],"wp:attachment":[{"href":"https:\/\/hyrserviciosdetransporte.com\/index.php\/wp-json\/wp\/v2\/media?parent=8"}],"curies":[{"name":"wp","href":"https:\/\/api.w.org\/{rel}","templated":true}]}}