{"id":261,"date":"2021-05-17T05:14:44","date_gmt":"2021-05-17T05:14:44","guid":{"rendered":""},"modified":"2026-03-14T09:43:47","modified_gmt":"2026-03-14T14:43:47","slug":"service-2","status":"publish","type":"page","link":"https:\/\/hyrserviciosdetransporte.com\/index.php\/service-2\/","title":{"rendered":"Service"},"content":{"rendered":"\t\t<div data-elementor-type=\"wp-page\" data-elementor-id=\"261\" class=\"elementor elementor-261\">\n\t\t\t\t\t\t<section class=\"elementor-section elementor-top-section elementor-element elementor-element-2d1aef5 elementor-section-height-min-height elementor-section-boxed elementor-section-height-default elementor-section-items-middle\" data-id=\"2d1aef5\" data-element_type=\"section\" data-e-type=\"section\" data-settings=\"{&quot;background_background&quot;:&quot;classic&quot;}\">\n\t\t\t\t\t\t<div class=\"elementor-container elementor-column-gap-no\">\n\t\t\t\t\t<div class=\"elementor-column elementor-col-50 elementor-top-column elementor-element elementor-element-e4983ee\" data-id=\"e4983ee\" data-element_type=\"column\" data-e-type=\"column\" data-settings=\"{&quot;background_background&quot;:&quot;classic&quot;}\">\n\t\t\t<div class=\"elementor-widget-wrap elementor-element-populated\">\n\t\t\t\t\t\t<div class=\"elementor-element elementor-element-2e84068 elementor-widget-mobile__width-initial elementor-widget elementor-widget-heading\" data-id=\"2e84068\" data-element_type=\"widget\" data-e-type=\"widget\" data-widget_type=\"heading.default\">\n\t\t\t\t\t<h1 class=\"elementor-heading-title elementor-size-default\">Transporte de mercancias a gran capacidad\n<\/h1>\t\t\t\t<\/div>\n\t\t\t\t<div class=\"elementor-element elementor-element-6c2b70d elementor-widget elementor-widget-text-editor\" data-id=\"6c2b70d\" data-element_type=\"widget\" data-e-type=\"widget\" data-widget_type=\"text-editor.default\">\n\t\t\t\t\t\t\t\t\t<p>Contamos con veh\u00edculos de gran espacio idealpara el transporte de mercancias para grandes superficies<\/p>\t\t\t\t\t\t\t\t<\/div>\n\t\t\t\t\t<\/div>\n\t\t<\/div>\n\t\t\t\t<div class=\"elementor-column elementor-col-50 elementor-top-column elementor-element elementor-element-de2a142\" data-id=\"de2a142\" data-element_type=\"column\" data-e-type=\"column\">\n\t\t\t<div class=\"elementor-widget-wrap elementor-element-populated\">\n\t\t\t\t\t\t<div class=\"elementor-element elementor-element-d310b72 elementor-widget__width-initial elementor-widget elementor-widget-image\" data-id=\"d310b72\" data-element_type=\"widget\" data-e-type=\"widget\" data-widget_type=\"image.default\">\n\t\t\t\t\t\t\t\t\t\t\t\t\t\t\t<img fetchpriority=\"high\" decoding=\"async\" width=\"1080\" height=\"788\" src=\"https:\/\/hyrserviciosdetransporte.com\/wp-content\/uploads\/2026\/03\/capaciddad-2.png\" class=\"attachment-full size-full wp-image-521\" alt=\"\" srcset=\"https:\/\/hyrserviciosdetransporte.com\/wp-content\/uploads\/2026\/03\/capaciddad-2.png 1080w, https:\/\/hyrserviciosdetransporte.com\/wp-content\/uploads\/2026\/03\/capaciddad-2-300x219.png 300w, https:\/\/hyrserviciosdetransporte.com\/wp-content\/uploads\/2026\/03\/capaciddad-2-1024x747.png 1024w, https:\/\/hyrserviciosdetransporte.com\/wp-content\/uploads\/2026\/03\/capaciddad-2-768x560.png 768w\" sizes=\"(max-width: 1080px) 100vw, 1080px\" \/>\t\t\t\t\t\t\t\t\t\t\t\t\t\t\t<\/div>\n\t\t\t\t\t<\/div>\n\t\t<\/div>\n\t\t\t\t\t<\/div>\n\t\t<\/section>\n\t\t\t\t<section class=\"elementor-section elementor-top-section elementor-element elementor-element-c399f7c elementor-section-boxed elementor-section-height-default elementor-section-height-default\" data-id=\"c399f7c\" data-element_type=\"section\" data-e-type=\"section\" data-settings=\"{&quot;background_background&quot;:&quot;classic&quot;}\">\n\t\t\t\t\t\t<div class=\"elementor-container elementor-column-gap-no\">\n\t\t\t\t\t<div class=\"elementor-column elementor-col-50 elementor-top-column elementor-element elementor-element-1cad7de\" data-id=\"1cad7de\" data-element_type=\"column\" data-e-type=\"column\" data-settings=\"{&quot;background_background&quot;:&quot;classic&quot;}\">\n\t\t\t<div class=\"elementor-widget-wrap elementor-element-populated\">\n\t\t\t\t\t\t<div class=\"elementor-element elementor-element-436f70e elementor-widget elementor-widget-heading\" data-id=\"436f70e\" data-element_type=\"widget\" data-e-type=\"widget\" data-widget_type=\"heading.default\">\n\t\t\t\t\t<h1 class=\"elementor-heading-title elementor-size-default\">\u00bfNecesitas Mudarte...?<\/h1>\t\t\t\t<\/div>\n\t\t\t\t<div class=\"elementor-element elementor-element-fea3a0b elementor-widget elementor-widget-text-editor\" data-id=\"fea3a0b\" data-element_type=\"widget\" data-e-type=\"widget\" data-widget_type=\"text-editor.default\">\n\t\t\t\t\t\t\t\t\t<p><span style=\"color: #ffffff;\">Cubrimos Mudanzas\u00a0 dentro y fuera de la ciudad , Somos la mejor soluci\u00f3n , no preguntes m\u00e1s aqui llevamos tu mudanza donde la necesitas<\/span><\/p>\t\t\t\t\t\t\t\t<\/div>\n\t\t\t\t\t<\/div>\n\t\t<\/div>\n\t\t\t\t<div class=\"elementor-column elementor-col-50 elementor-top-column elementor-element elementor-element-1bbf7f4\" data-id=\"1bbf7f4\" data-element_type=\"column\" data-e-type=\"column\">\n\t\t\t<div class=\"elementor-widget-wrap elementor-element-populated\">\n\t\t\t\t\t\t<div class=\"elementor-element elementor-element-e2a09e1 elementor-widget-mobile__width-inherit elementor-widget elementor-widget-image\" data-id=\"e2a09e1\" data-element_type=\"widget\" data-e-type=\"widget\" data-widget_type=\"image.default\">\n\t\t\t\t\t\t\t\t\t\t\t\t\t\t\t<img decoding=\"async\" width=\"1080\" height=\"788\" src=\"https:\/\/hyrserviciosdetransporte.com\/wp-content\/uploads\/2026\/03\/carga.png\" class=\"attachment-full size-full wp-image-919\" alt=\"\" srcset=\"https:\/\/hyrserviciosdetransporte.com\/wp-content\/uploads\/2026\/03\/carga.png 1080w, https:\/\/hyrserviciosdetransporte.com\/wp-content\/uploads\/2026\/03\/carga-300x219.png 300w, https:\/\/hyrserviciosdetransporte.com\/wp-content\/uploads\/2026\/03\/carga-1024x747.png 1024w, https:\/\/hyrserviciosdetransporte.com\/wp-content\/uploads\/2026\/03\/carga-768x560.png 768w\" sizes=\"(max-width: 1080px) 100vw, 1080px\" \/>\t\t\t\t\t\t\t\t\t\t\t\t\t\t\t<\/div>\n\t\t\t\t\t<\/div>\n\t\t<\/div>\n\t\t\t\t\t<\/div>\n\t\t<\/section>\n\t\t<div class=\"elementor-element elementor-element-5a912e0 e-con-full e-flex e-con e-parent\" data-id=\"5a912e0\" data-element_type=\"container\" data-e-type=\"container\" data-settings=\"{&quot;background_background&quot;:&quot;classic&quot;}\">\n\t\t\t\t<div class=\"elementor-element elementor-element-420f559 elementor-widget elementor-widget-image\" data-id=\"420f559\" data-element_type=\"widget\" data-e-type=\"widget\" data-widget_type=\"image.default\">\n\t\t\t\t\t\t\t\t\t\t\t\t\t\t\t\t<a href=\"https:\/\/api.whatsapp.com\/send\/?phone=573134305930&#038;text=Hola%2CQuisiera+Solicitar&#038;type=phone_number&#038;app_absent=0\">\n\t\t\t\t\t\t\t<img decoding=\"async\" width=\"1584\" height=\"396\" src=\"https:\/\/hyrserviciosdetransporte.com\/wp-content\/uploads\/2026\/03\/COLOMBIA.png\" class=\"attachment-full size-full wp-image-745\" alt=\"\" srcset=\"https:\/\/hyrserviciosdetransporte.com\/wp-content\/uploads\/2026\/03\/COLOMBIA.png 1584w, https:\/\/hyrserviciosdetransporte.com\/wp-content\/uploads\/2026\/03\/COLOMBIA-300x75.png 300w, https:\/\/hyrserviciosdetransporte.com\/wp-content\/uploads\/2026\/03\/COLOMBIA-1024x256.png 1024w, https:\/\/hyrserviciosdetransporte.com\/wp-content\/uploads\/2026\/03\/COLOMBIA-768x192.png 768w, https:\/\/hyrserviciosdetransporte.com\/wp-content\/uploads\/2026\/03\/COLOMBIA-1536x384.png 1536w\" sizes=\"(max-width: 1584px) 100vw, 1584px\" \/>\t\t\t\t\t\t\t\t<\/a>\n\t\t\t\t\t\t\t\t\t\t\t\t\t\t\t<\/div>\n\t\t\t\t<\/div>\n\t\t\t\t<section class=\"elementor-section elementor-top-section elementor-element elementor-element-9bc77f8 elementor-section-boxed elementor-section-height-default elementor-section-height-default\" data-id=\"9bc77f8\" data-element_type=\"section\" data-e-type=\"section\" data-settings=\"{&quot;background_background&quot;:&quot;classic&quot;}\">\n\t\t\t\t\t\t<div class=\"elementor-container elementor-column-gap-no\">\n\t\t\t\t\t<div class=\"elementor-column elementor-col-100 elementor-top-column elementor-element elementor-element-3397d25\" data-id=\"3397d25\" data-element_type=\"column\" data-e-type=\"column\">\n\t\t\t<div class=\"elementor-widget-wrap elementor-element-populated\">\n\t\t\t\t\t\t<section class=\"elementor-section elementor-inner-section elementor-element elementor-element-497671c elementor-section-boxed elementor-section-height-default elementor-section-height-default\" data-id=\"497671c\" data-element_type=\"section\" data-e-type=\"section\" data-settings=\"{&quot;background_background&quot;:&quot;classic&quot;}\">\n\t\t\t\t\t\t\t<div class=\"elementor-background-overlay\"><\/div>\n\t\t\t\t\t\t\t<div class=\"elementor-container elementor-column-gap-no\">\n\t\t\t\t\t<div class=\"elementor-column elementor-col-50 elementor-inner-column elementor-element elementor-element-4cae433\" data-id=\"4cae433\" data-element_type=\"column\" data-e-type=\"column\">\n\t\t\t<div class=\"elementor-widget-wrap elementor-element-populated\">\n\t\t\t\t\t\t<div class=\"elementor-element elementor-element-29dfa27 elementor-widget elementor-widget-heading\" data-id=\"29dfa27\" data-element_type=\"widget\" data-e-type=\"widget\" data-widget_type=\"heading.default\">\n\t\t\t\t\t<h2 class=\"elementor-heading-title elementor-size-default\">la mejor soluci\u00f3n para empresas <br>\n<\/h2>\t\t\t\t<\/div>\n\t\t\t\t\t<\/div>\n\t\t<\/div>\n\t\t\t\t<div class=\"elementor-column elementor-col-50 elementor-inner-column elementor-element elementor-element-0db2541\" data-id=\"0db2541\" data-element_type=\"column\" data-e-type=\"column\">\n\t\t\t<div class=\"elementor-widget-wrap elementor-element-populated\">\n\t\t\t\t\t\t<div class=\"elementor-element elementor-element-cccccc8 elementor-align-right elementor-mobile-align-center elementor-widget elementor-widget-button\" data-id=\"cccccc8\" data-element_type=\"widget\" data-e-type=\"widget\" data-widget_type=\"button.default\">\n\t\t\t\t\t\t\t\t\t\t<a class=\"elementor-button elementor-button-link elementor-size-sm\" href=\"https:\/\/api.whatsapp.com\/send\/?phone=573134305930&#038;text=Hola%2CQuisiera+Solicitar&#038;type=phone_number&#038;app_absent=0\">\n\t\t\t\t\t\t<span class=\"elementor-button-content-wrapper\">\n\t\t\t\t\t\t\t\t\t<span class=\"elementor-button-text\">Agenda tu env\u00edo<\/span>\n\t\t\t\t\t<\/span>\n\t\t\t\t\t<\/a>\n\t\t\t\t\t\t\t\t<\/div>\n\t\t\t\t\t<\/div>\n\t\t<\/div>\n\t\t\t\t\t<\/div>\n\t\t<\/section>\n\t\t\t\t<section class=\"elementor-section elementor-inner-section elementor-element elementor-element-e947090 elementor-section-boxed elementor-section-height-default elementor-section-height-default\" data-id=\"e947090\" data-element_type=\"section\" data-e-type=\"section\">\n\t\t\t\t\t\t<div class=\"elementor-container elementor-column-gap-no\">\n\t\t\t\t\t<div class=\"elementor-column elementor-col-50 elementor-inner-column elementor-element elementor-element-b254d04\" data-id=\"b254d04\" data-element_type=\"column\" data-e-type=\"column\">\n\t\t\t<div class=\"elementor-widget-wrap elementor-element-populated\">\n\t\t\t\t\t\t<div class=\"elementor-element elementor-element-d1e2ecf elementor-widget elementor-widget-heading\" data-id=\"d1e2ecf\" data-element_type=\"widget\" data-e-type=\"widget\" data-widget_type=\"heading.default\">\n\t\t\t\t\t<h2 class=\"elementor-heading-title elementor-size-default\">F\u00c1CIL Y \nR\u00c1PIDO<\/h2>\t\t\t\t<\/div>\n\t\t\t\t\t<\/div>\n\t\t<\/div>\n\t\t\t\t<div class=\"elementor-column elementor-col-50 elementor-inner-column elementor-element elementor-element-b8c1e1c\" data-id=\"b8c1e1c\" data-element_type=\"column\" data-e-type=\"column\">\n\t\t\t<div class=\"elementor-widget-wrap elementor-element-populated\">\n\t\t\t\t\t\t<div class=\"elementor-element elementor-element-b3ba937 elementor-position-left elementor-vertical-align-top elementor-widget elementor-widget-image-box\" data-id=\"b3ba937\" data-element_type=\"widget\" data-e-type=\"widget\" data-widget_type=\"image-box.default\">\n\t\t\t\t\t<div class=\"elementor-image-box-wrapper\"><figure class=\"elementor-image-box-img\"><a href=\"https:\/\/api.whatsapp.com\/send\/?phone=573134305930&#038;text=Hola%2CQuisiera+Solicitar&#038;type=phone_number&#038;app_absent=0\" tabindex=\"-1\"><img loading=\"lazy\" decoding=\"async\" width=\"100\" height=\"100\" src=\"https:\/\/hyrserviciosdetransporte.com\/wp-content\/uploads\/2021\/05\/calendar-icon.jpg\" class=\"attachment-full size-full wp-image-123\" alt=\"\" \/><\/a><\/figure><div class=\"elementor-image-box-content\"><h3 class=\"elementor-image-box-title\"><a href=\"https:\/\/api.whatsapp.com\/send\/?phone=573134305930&#038;text=Hola%2CQuisiera+Solicitar&#038;type=phone_number&#038;app_absent=0\">Programa tu Envio<\/a><\/h3><p class=\"elementor-image-box-description\">Separ una fecha , especial para mudanzas y acarreos<\/p><\/div><\/div>\t\t\t\t<\/div>\n\t\t\t\t<div class=\"elementor-element elementor-element-087ddf5 elementor-position-left elementor-vertical-align-top elementor-widget elementor-widget-image-box\" data-id=\"087ddf5\" data-element_type=\"widget\" data-e-type=\"widget\" data-widget_type=\"image-box.default\">\n\t\t\t\t\t<div class=\"elementor-image-box-wrapper\"><figure class=\"elementor-image-box-img\"><a href=\"https:\/\/api.whatsapp.com\/send\/?phone=573134305930&#038;text=Hola%2CQuisiera+Solicitar&#038;type=phone_number&#038;app_absent=0\" tabindex=\"-1\"><img loading=\"lazy\" decoding=\"async\" width=\"100\" height=\"100\" src=\"https:\/\/hyrserviciosdetransporte.com\/wp-content\/uploads\/2021\/05\/phone-icon.jpg\" class=\"attachment-full size-full wp-image-124\" alt=\"\" \/><\/a><\/figure><div class=\"elementor-image-box-content\"><h3 class=\"elementor-image-box-title\"><a href=\"https:\/\/api.whatsapp.com\/send\/?phone=573134305930&#038;text=Hola%2CQuisiera+Solicitar&#038;type=phone_number&#038;app_absent=0\">Contacta con nosotros<\/a><\/h3><p class=\"elementor-image-box-description\">solicita nustro servicio v\u00eda WhatsApp<\/p><\/div><\/div>\t\t\t\t<\/div>\n\t\t\t\t<div class=\"elementor-element elementor-element-c9a43b5 elementor-position-left elementor-vertical-align-top elementor-widget elementor-widget-image-box\" data-id=\"c9a43b5\" data-element_type=\"widget\" data-e-type=\"widget\" data-widget_type=\"image-box.default\">\n\t\t\t\t\t<div class=\"elementor-image-box-wrapper\"><figure class=\"elementor-image-box-img\"><a href=\"https:\/\/api.whatsapp.com\/send\/?phone=573134305930&#038;text=Hola%2CQuisiera+Solicitar&#038;type=phone_number&#038;app_absent=0\" tabindex=\"-1\"><img loading=\"lazy\" decoding=\"async\" width=\"100\" height=\"100\" src=\"https:\/\/hyrserviciosdetransporte.com\/wp-content\/uploads\/2021\/05\/box-icon.jpg\" class=\"attachment-full size-full wp-image-125\" alt=\"\" \/><\/a><\/figure><div class=\"elementor-image-box-content\"><h3 class=\"elementor-image-box-title\"><a href=\"https:\/\/api.whatsapp.com\/send\/?phone=573134305930&#038;text=Hola%2CQuisiera+Solicitar&#038;type=phone_number&#038;app_absent=0\">Servicio de recogida y env\u00edo<\/a><\/h3><p class=\"elementor-image-box-description\">recogemos en tu puerta para llevarlo a donde necesites <\/p><\/div><\/div>\t\t\t\t<\/div>\n\t\t\t\t\t<\/div>\n\t\t<\/div>\n\t\t\t\t\t<\/div>\n\t\t<\/section>\n\t\t\t\t\t<\/div>\n\t\t<\/div>\n\t\t\t\t\t<\/div>\n\t\t<\/section>\n\t\t\t\t<\/div>\n\t\t","protected":false},"excerpt":{"rendered":"<p>Transporte de mercancias a gran capacidad Contamos con veh\u00edculos de gran espacio idealpara el transporte de mercancias para grandes superficies \u00bfNecesitas Mudarte&#8230;? Cubrimos Mudanzas\u00a0 dentro y fuera de la ciudad , Somos la mejor soluci\u00f3n , no preguntes m\u00e1s aqui llevamos tu mudanza donde la necesitas la mejor soluci\u00f3n para empresas Agenda tu env\u00edo F\u00c1CIL &hellip;<\/p>\n","protected":false},"author":1,"featured_media":0,"parent":0,"menu_order":0,"comment_status":"closed","ping_status":"closed","template":"page-templates\/page-builder.php","meta":{"footnotes":""},"class_list":["post-261","page","type-page","status-publish","hentry"],"_links":{"self":[{"href":"https:\/\/hyrserviciosdetransporte.com\/index.php\/wp-json\/wp\/v2\/pages\/261","targetHints":{"allow":["GET"]}}],"collection":[{"href":"https:\/\/hyrserviciosdetransporte.com\/index.php\/wp-json\/wp\/v2\/pages"}],"about":[{"href":"https:\/\/hyrserviciosdetransporte.com\/index.php\/wp-json\/wp\/v2\/types\/page"}],"author":[{"embeddable":true,"href":"https:\/\/hyrserviciosdetransporte.com\/index.php\/wp-json\/wp\/v2\/users\/1"}],"replies":[{"embeddable":true,"href":"https:\/\/hyrserviciosdetransporte.com\/index.php\/wp-json\/wp\/v2\/comments?post=261"}],"version-history":[{"count":148,"href":"https:\/\/hyrserviciosdetransporte.com\/index.php\/wp-json\/wp\/v2\/pages\/261\/revisions"}],"predecessor-version":[{"id":1018,"href":"https:\/\/hyrserviciosdetransporte.com\/index.php\/wp-json\/wp\/v2\/pages\/261\/revisions\/1018"}],"wp:attachment":[{"href":"https:\/\/hyrserviciosdetransporte.com\/index.php\/wp-json\/wp\/v2\/media?parent=261"}],"curies":[{"name":"wp","href":"https:\/\/api.w.org\/{rel}","templated":true}]}}